{"id":250,"date":"2025-05-28T12:59:45","date_gmt":"2025-05-28T10:59:45","guid":{"rendered":"https:\/\/acadeing.kitdigitalhub.es\/?page_id=250"},"modified":"2025-05-28T13:11:59","modified_gmt":"2025-05-28T11:11:59","slug":"politica-de-cookies","status":"publish","type":"page","link":"https:\/\/acadeing.kitdigitalhub.es\/index.php\/politica-de-cookies\/","title":{"rendered":"Pol\u00edtica de Cookies"},"content":{"rendered":"\t\t<div data-elementor-type=\"wp-page\" data-elementor-id=\"250\" class=\"elementor elementor-250\">\n\t\t\t\t\t\t<section class=\"elementor-section elementor-top-section elementor-element elementor-element-6c9a0650 profecient-mouse-effects-yes profecient-parallax-yes elementor-section-boxed elementor-section-height-default elementor-section-height-default\" data-id=\"6c9a0650\" data-element_type=\"section\" data-settings=\"{&quot;background_background&quot;:&quot;classic&quot;,&quot;profecient_background_parallax_y_css_unit&quot;:&quot;px&quot;,&quot;profecient_background_parallax_transition_property&quot;:&quot;transform, filter&quot;,&quot;profecient_background_parallax_transition_duration&quot;:&quot;800ms&quot;,&quot;profecient_background_parallax_transition_easing&quot;:&quot;ease-out&quot;,&quot;profecient_background_motion_effects_toggle&quot;:&quot;yes&quot;,&quot;profecient_background_motion_effects_background_width_responsive&quot;:{&quot;unit&quot;:&quot;px&quot;,&quot;size&quot;:120,&quot;sizes&quot;:&quot;&quot;},&quot;profecient_background_motion_effects_background_height_responsive&quot;:{&quot;unit&quot;:&quot;px&quot;,&quot;size&quot;:120,&quot;sizes&quot;:&quot;&quot;},&quot;profecient_background_motion_effects_position_left_responsive&quot;:{&quot;unit&quot;:&quot;px&quot;,&quot;size&quot;:0,&quot;sizes&quot;:&quot;&quot;},&quot;profecient_background_motion_effects_position_top_responsive&quot;:{&quot;unit&quot;:&quot;px&quot;,&quot;size&quot;:0,&quot;sizes&quot;:&quot;&quot;},&quot;profecient_background_parallax_toggle&quot;:&quot;yes&quot;,&quot;profecient_background_parallax_y_popover_start&quot;:&quot;yes&quot;,&quot;profecient_background_parallax_y_start_responsive&quot;:{&quot;unit&quot;:&quot;px&quot;,&quot;size&quot;:-80,&quot;sizes&quot;:&quot;&quot;},&quot;profecient_background_parallax_transition_popover_start&quot;:&quot;yes&quot;,&quot;profecient_background_motion_effects_background_width_responsive_tablet&quot;:{&quot;unit&quot;:&quot;px&quot;,&quot;size&quot;:&quot;&quot;,&quot;sizes&quot;:[]},&quot;profecient_background_motion_effects_background_width_responsive_mobile&quot;:{&quot;unit&quot;:&quot;px&quot;,&quot;size&quot;:&quot;&quot;,&quot;sizes&quot;:[]},&quot;profecient_background_motion_effects_background_height_responsive_tablet&quot;:{&quot;unit&quot;:&quot;px&quot;,&quot;size&quot;:&quot;&quot;,&quot;sizes&quot;:[]},&quot;profecient_background_motion_effects_background_height_responsive_mobile&quot;:{&quot;unit&quot;:&quot;px&quot;,&quot;size&quot;:&quot;&quot;,&quot;sizes&quot;:[]},&quot;profecient_background_motion_effects_position_left_responsive_tablet&quot;:{&quot;unit&quot;:&quot;px&quot;,&quot;size&quot;:&quot;&quot;,&quot;sizes&quot;:[]},&quot;profecient_background_motion_effects_position_left_responsive_mobile&quot;:{&quot;unit&quot;:&quot;px&quot;,&quot;size&quot;:&quot;&quot;,&quot;sizes&quot;:[]},&quot;profecient_background_motion_effects_position_top_responsive_tablet&quot;:{&quot;unit&quot;:&quot;px&quot;,&quot;size&quot;:&quot;&quot;,&quot;sizes&quot;:[]},&quot;profecient_background_motion_effects_position_top_responsive_mobile&quot;:{&quot;unit&quot;:&quot;px&quot;,&quot;size&quot;:&quot;&quot;,&quot;sizes&quot;:[]},&quot;profecient_background_mouse_effects_toggle&quot;:0,&quot;profecient_background_parallax_x_animation_viewport&quot;:{&quot;unit&quot;:&quot;%&quot;,&quot;size&quot;:&quot;&quot;,&quot;sizes&quot;:{&quot;start&quot;:0,&quot;end&quot;:100}},&quot;profecient_background_parallax_y_start_responsive_tablet&quot;:{&quot;unit&quot;:&quot;px&quot;,&quot;size&quot;:&quot;&quot;,&quot;sizes&quot;:[]},&quot;profecient_background_parallax_y_start_responsive_mobile&quot;:{&quot;unit&quot;:&quot;px&quot;,&quot;size&quot;:&quot;&quot;,&quot;sizes&quot;:[]},&quot;profecient_background_parallax_y_end_responsive&quot;:{&quot;unit&quot;:&quot;px&quot;,&quot;size&quot;:0,&quot;sizes&quot;:&quot;&quot;},&quot;profecient_background_parallax_y_end_responsive_tablet&quot;:{&quot;unit&quot;:&quot;px&quot;,&quot;size&quot;:&quot;&quot;,&quot;sizes&quot;:[]},&quot;profecient_background_parallax_y_end_responsive_mobile&quot;:{&quot;unit&quot;:&quot;px&quot;,&quot;size&quot;:&quot;&quot;,&quot;sizes&quot;:[]},&quot;profecient_background_parallax_y_animation_viewport&quot;:{&quot;unit&quot;:&quot;%&quot;,&quot;size&quot;:&quot;&quot;,&quot;sizes&quot;:{&quot;start&quot;:0,&quot;end&quot;:100}},&quot;profecient_background_parallax_background_color_start&quot;:&quot;#000000&quot;,&quot;profecient_background_parallax_background_color_end&quot;:&quot;#000000&quot;,&quot;profecient_background_parallax_background_color_animation_viewport&quot;:{&quot;unit&quot;:&quot;%&quot;,&quot;size&quot;:&quot;&quot;,&quot;sizes&quot;:{&quot;start&quot;:0,&quot;end&quot;:100}},&quot;profecient_background_parallax_border_color_start&quot;:&quot;#000000&quot;,&quot;profecient_background_parallax_border_color_end&quot;:&quot;#000000&quot;,&quot;profecient_parallax_effects_toggle&quot;:0,&quot;profecient_mouse_effects_toggle&quot;:0}\">\n\t\t\t\t\t\t\t<div class=\"elementor-background-overlay\"><\/div>\n\t\t\t\t\t\t\t<div class=\"elementor-container elementor-column-gap-default\">\n\t\t\t\t\t<div class=\"elementor-column elementor-col-100 elementor-top-column elementor-element elementor-element-2b46312e\" data-id=\"2b46312e\" data-element_type=\"column\" data-settings=\"{&quot;profecient_background_motion_effects_toggle&quot;:0,&quot;profecient_parallax_effects_toggle&quot;:0,&quot;profecient_mouse_effects_toggle&quot;:0}\">\n\t\t\t<div class=\"elementor-widget-wrap elementor-element-populated\">\n\t\t\t\t\t\t<div class=\"elementor-element elementor-element-79e9b1ed elementor-invisible elementor-widget elementor-widget-heading\" data-id=\"79e9b1ed\" data-element_type=\"widget\" data-settings=\"{&quot;_animation&quot;:&quot;fadeInUp&quot;,&quot;_animation_delay&quot;:0,&quot;profecient_parallax_effects_toggle&quot;:0,&quot;profecient_mouse_effects_toggle&quot;:0}\" data-widget_type=\"heading.default\">\n\t\t\t\t<div class=\"elementor-widget-container\">\n\t\t\t\t\t<h2 class=\"elementor-heading-title elementor-size-default\">Pol\u00edtica de Cookies<\/h2>\t\t\t\t<\/div>\n\t\t\t\t<\/div>\n\t\t\t\t<div class=\"elementor-element elementor-element-9845550 elementor-icon-list--layout-inline elementor-align-center elementor-list-item-link-full_width elementor-invisible elementor-widget elementor-widget-icon-list\" data-id=\"9845550\" data-element_type=\"widget\" data-settings=\"{&quot;_animation&quot;:&quot;fadeInUp&quot;,&quot;_animation_delay&quot;:20,&quot;profecient_parallax_effects_toggle&quot;:0,&quot;profecient_mouse_effects_toggle&quot;:0}\" data-widget_type=\"icon-list.default\">\n\t\t\t\t<div class=\"elementor-widget-container\">\n\t\t\t\t\t\t\t<ul class=\"elementor-icon-list-items elementor-inline-items\">\n\t\t\t\t\t\t\t<li class=\"elementor-icon-list-item elementor-inline-item\">\n\t\t\t\t\t\t\t\t\t\t<span class=\"elementor-icon-list-text\">Home<\/span>\n\t\t\t\t\t\t\t\t\t<\/li>\n\t\t\t\t\t\t\t\t<li class=\"elementor-icon-list-item elementor-inline-item\">\n\t\t\t\t\t\t\t\t\t\t\t<span class=\"elementor-icon-list-icon\">\n\t\t\t\t\t\t\t<svg aria-hidden=\"true\" class=\"e-font-icon-svg e-fas-chevron-right\" viewBox=\"0 0 320 512\" xmlns=\"http:\/\/www.w3.org\/2000\/svg\"><path d=\"M285.476 272.971L91.132 467.314c-9.373 9.373-24.569 9.373-33.941 0l-22.667-22.667c-9.357-9.357-9.375-24.522-.04-33.901L188.505 256 34.484 101.255c-9.335-9.379-9.317-24.544.04-33.901l22.667-22.667c9.373-9.373 24.569-9.373 33.941 0L285.475 239.03c9.373 9.372 9.373 24.568.001 33.941z\"><\/path><\/svg>\t\t\t\t\t\t<\/span>\n\t\t\t\t\t\t\t\t\t\t<span class=\"elementor-icon-list-text\">Pol\u00edtica de Cookies<\/span>\n\t\t\t\t\t\t\t\t\t<\/li>\n\t\t\t\t\t\t<\/ul>\n\t\t\t\t\t\t<\/div>\n\t\t\t\t<\/div>\n\t\t\t\t\t<\/div>\n\t\t<\/div>\n\t\t\t\t\t<\/div>\n\t\t<\/section>\n\t\t\t\t<section class=\"elementor-section elementor-top-section elementor-element elementor-element-3c04915f elementor-reverse-tablet elementor-reverse-mobile elementor-section-boxed elementor-section-height-default elementor-section-height-default\" data-id=\"3c04915f\" data-element_type=\"section\" data-settings=\"{&quot;profecient_background_motion_effects_toggle&quot;:0,&quot;profecient_parallax_effects_toggle&quot;:0,&quot;profecient_mouse_effects_toggle&quot;:0}\">\n\t\t\t\t\t\t<div class=\"elementor-container elementor-column-gap-default\">\n\t\t\t\t\t<div class=\"elementor-column elementor-col-100 elementor-top-column elementor-element elementor-element-20508bcc\" data-id=\"20508bcc\" data-element_type=\"column\" data-settings=\"{&quot;profecient_background_motion_effects_toggle&quot;:0,&quot;profecient_parallax_effects_toggle&quot;:0,&quot;profecient_mouse_effects_toggle&quot;:0}\">\n\t\t\t<div class=\"elementor-widget-wrap elementor-element-populated\">\n\t\t\t\t\t\t<div class=\"elementor-element elementor-element-707c5aa1 animated-slow profecient-parallax-yes elementor-invisible elementor-widget elementor-widget-jkit_heading\" data-id=\"707c5aa1\" data-element_type=\"widget\" data-settings=\"{&quot;profecient_parallax_effects_x_css_unit&quot;:&quot;px&quot;,&quot;profecient_parallax_effects_transition_property&quot;:&quot;transform, filter&quot;,&quot;profecient_parallax_effects_transition_duration&quot;:&quot;800ms&quot;,&quot;profecient_parallax_effects_transition_easing&quot;:&quot;ease-out&quot;,&quot;profecient_parallax_effects_toggle&quot;:&quot;yes&quot;,&quot;profecient_parallax_effects_x_popover_start&quot;:&quot;yes&quot;,&quot;profecient_parallax_effects_x_start_responsive&quot;:{&quot;unit&quot;:&quot;px&quot;,&quot;size&quot;:-50,&quot;sizes&quot;:&quot;&quot;},&quot;profecient_parallax_effects_x_animation_viewport&quot;:{&quot;unit&quot;:&quot;%&quot;,&quot;size&quot;:&quot;&quot;,&quot;sizes&quot;:{&quot;start&quot;:0,&quot;end&quot;:10}},&quot;profecient_parallax_effects_opacity_popover_start&quot;:&quot;yes&quot;,&quot;profecient_parallax_effects_opacity_animation_viewport&quot;:{&quot;unit&quot;:&quot;%&quot;,&quot;size&quot;:&quot;&quot;,&quot;sizes&quot;:{&quot;start&quot;:5,&quot;end&quot;:5}},&quot;profecient_parallax_effects_transition_popover_start&quot;:&quot;yes&quot;,&quot;_animation&quot;:&quot;fadeInUp&quot;,&quot;profecient_parallax_effects_x_start_responsive_tablet&quot;:{&quot;unit&quot;:&quot;px&quot;,&quot;size&quot;:&quot;&quot;,&quot;sizes&quot;:[]},&quot;profecient_parallax_effects_x_start_responsive_mobile&quot;:{&quot;unit&quot;:&quot;px&quot;,&quot;size&quot;:&quot;&quot;,&quot;sizes&quot;:[]},&quot;profecient_parallax_effects_x_end_responsive&quot;:{&quot;unit&quot;:&quot;px&quot;,&quot;size&quot;:0,&quot;sizes&quot;:&quot;&quot;},&quot;profecient_parallax_effects_x_end_responsive_tablet&quot;:{&quot;unit&quot;:&quot;px&quot;,&quot;size&quot;:&quot;&quot;,&quot;sizes&quot;:[]},&quot;profecient_parallax_effects_x_end_responsive_mobile&quot;:{&quot;unit&quot;:&quot;px&quot;,&quot;size&quot;:&quot;&quot;,&quot;sizes&quot;:[]},&quot;profecient_parallax_effects_x_relative_animation_viewport&quot;:&quot;element&quot;,&quot;profecient_parallax_effects_opacity_start_responsive&quot;:{&quot;unit&quot;:&quot;px&quot;,&quot;size&quot;:0,&quot;sizes&quot;:&quot;&quot;},&quot;profecient_parallax_effects_opacity_start_responsive_tablet&quot;:{&quot;unit&quot;:&quot;px&quot;,&quot;size&quot;:&quot;&quot;,&quot;sizes&quot;:[]},&quot;profecient_parallax_effects_opacity_start_responsive_mobile&quot;:{&quot;unit&quot;:&quot;px&quot;,&quot;size&quot;:&quot;&quot;,&quot;sizes&quot;:[]},&quot;profecient_parallax_effects_opacity_end_responsive&quot;:{&quot;unit&quot;:&quot;px&quot;,&quot;size&quot;:1,&quot;sizes&quot;:&quot;&quot;},&quot;profecient_parallax_effects_opacity_end_responsive_tablet&quot;:{&quot;unit&quot;:&quot;px&quot;,&quot;size&quot;:&quot;&quot;,&quot;sizes&quot;:[]},&quot;profecient_parallax_effects_opacity_end_responsive_mobile&quot;:{&quot;unit&quot;:&quot;px&quot;,&quot;size&quot;:&quot;&quot;,&quot;sizes&quot;:[]},&quot;profecient_parallax_effects_opacity_relative_animation_viewport&quot;:&quot;element&quot;,&quot;profecient_mouse_effects_toggle&quot;:0}\" data-widget_type=\"jkit_heading.default\">\n\t\t\t\t<div class=\"elementor-widget-container\">\n\t\t\t\t\t<div  class=\"jeg-elementor-kit jkit-heading  align- align-tablet- align-mobile- jeg_module___69db9126da985\" ><div class=\"heading-section-title  display-inline-block\"><h5 class=\"heading-title\">Kent&#039;s School Of English<\/h5><\/div><div class=\"heading-section-separator\"><div class=\"separator-wrapper style-solid\"><\/div><\/div><\/div>\t\t\t\t<\/div>\n\t\t\t\t<\/div>\n\t\t\t\t<div class=\"elementor-element elementor-element-19ccc3 elementor-widget elementor-widget-heading\" data-id=\"19ccc3\" data-element_type=\"widget\" data-settings=\"{&quot;profecient_parallax_effects_toggle&quot;:0,&quot;profecient_mouse_effects_toggle&quot;:0}\" data-widget_type=\"heading.default\">\n\t\t\t\t<div class=\"elementor-widget-container\">\n\t\t\t\t\t<h2 class=\"elementor-heading-title elementor-size-default\">Pol\u00edtica de Cookies<\/h2>\t\t\t\t<\/div>\n\t\t\t\t<\/div>\n\t\t\t\t<div class=\"elementor-element elementor-element-2296e2bd elementor-widget elementor-widget-text-editor\" data-id=\"2296e2bd\" data-element_type=\"widget\" data-settings=\"{&quot;profecient_parallax_effects_toggle&quot;:0,&quot;profecient_mouse_effects_toggle&quot;:0}\" data-widget_type=\"text-editor.default\">\n\t\t\t\t<div class=\"elementor-widget-container\">\n\t\t\t\t\t\t\t\t\t<p>El acceso a este Sitio Web puede implicar la utilizaci\u00f3n de cookies. las cookies son peque\u00f1as cantidades de informaci\u00f3n, que se almacenan en el navegador utilizado por cada Usuario -en los distintos dispositivos que pueda utilizar para navegar- para que el servidor recuerde cierta informaci\u00f3n que posterior y \u00fanicamente el servidor que la implement\u00f3 leer\u00e1. Las cookies facilitan la navegaci\u00f3n, la hacen m\u00e1s amigable, y no da\u00f1an el dispositivo de navegaci\u00f3n.<\/p>\n<p>La informaci\u00f3n recabada a trav\u00e9s de las cookies puede incluir la fecha y hora de visitas al Sitio Web, las p\u00e1ginas visionadas, el tiempo que ha estado en el Sitio Web y los sitios visitados justo antes y despu\u00e9s del mismo. Sin embargo, ninguna cookie permite que esta misma pueda contactarse con el n\u00famero de tel\u00e9fono del Usuario o con cualquier otro medio de contacto personal. Ninguna cookie puede extraer informaci\u00f3n del disco duro del Usuario o robar informaci\u00f3n personal. La \u00fanica manera de que la informaci\u00f3n privada del Usuario forme parte del archivo Cookie es que, el usuario d\u00e9 personalmente esa informaci\u00f3n al servidor.<\/p>\n<p>Las cookies que permiten identificar a una persona se consideran datos personales. Por tanto, a las mismas les ser\u00e1 de aplicaci\u00f3n la Pol\u00edtica de Privacidad anteriormente descrita. En este sentido, para la utilizaci\u00f3n de estas ser\u00e1 necesario el consentimiento del Usuario. Este consentimiento ser\u00e1 comunicado, en base a una elecci\u00f3n aut\u00e9ntica, ofrecido mediante una decisi\u00f3n afirmativa y positiva, antes del tratamiento inicial, removible y documentado.<\/p>\n<p><strong>Cookies propias<\/strong><\/p>\n<p>Son aquellas cookies que son enviadas al ordenador o dispositivo del Usuario y gestionadas exclusivamente por Kent&#8217;s School para el mejor funcionamiento del Sitio Web. La informaci\u00f3n que se recaba se emplea paira mejorar la calidad del Sitio Web y su Contenido y su experiencia como Usuario. Estas cookies permiten reconocer al Usuario como visitante recurrente del Sitio Web y adaptar el contenido para ofrecerle contenidos que se ajusten a sus preferencias.<\/p>\n<p>La(s) entidad(es) encargada(s) del suministro de cookies podr\u00e1(n) ceder esta informaci\u00f3n a terceros, siempre y cuando lo exija la ley o sea un tercero el que procese esta informaci\u00f3n para dichas entidades.<\/p>\n<p><strong>Deshabitar, rechazar y eliminar cookies<\/strong><\/p>\n<p>El Usuario puede deshabilitar, rechazar y eliminar las cookies -total o parcialmente- instaladas en su dispositivo mediante la configuraci\u00f3n de su navegador (entre los que se encuentran, por, ejemplo, Chrome, Firefox, Safari, Explorer). En este sentido, los procedimientos para rechazar y eliminar las cookies pueden diferir die un navegador die Internet a otro. En consecuencia, el Usuario debe acudir a las instrucciones facilitadas por el propio navegador de Internet que est\u00e9 utilizando. En el supuesto de que rechace el uso de cookies -total o parcialmente- podr\u00e1 seguir usando el Sitio\u00a0 Web, si bien podr\u00e1 tener\u00a0 limitada\u00a0 la utilizaci\u00f3n de algunas de las prestaciones del mismo.<\/p>\n<p><strong>Cambios en la Pol\u00edtica de Cookies<\/strong><\/p>\n<p>Es posible que la Pol\u00edtica de Cookies del Sitio Web cambie o se actualice, por ello es recomendable que el Usuario revise esta pol\u00edtica cada vez que acceda al Sitio Web con el objetivo de estar adecuadamente informada sobre c\u00f3mo y para qu\u00e9 usamos las cookies.<\/p>\n<p><strong>Pol\u00edtica de enlaces<\/strong><\/p>\n<p>El Usuario o tercero que realice un hiperv\u00ednculo desde una p\u00e1gina web de otro, distinto, sitio web al Sitio Web de Kent&#8217;s School deber\u00e1 saber que:<\/p>\n<p>No se permite la reproducci\u00f3n -total o parcialmente- de ninguno de las Contenidos y\/o Servicios del Sitio Web sin autorizaci\u00f3n expresa de Kent&#8217;s School.<\/p>\n<p>No se permite tampoco ninguna manifestaci\u00f3n falsa, inexacta o incorrecta sobre el Sitio Web de Kent&#8217;s School, ni sobre los Contenidos y\/o Servicios del mismo.<\/p>\n<p>A excepci\u00f3n del hiperv\u00ednculo, el sitio web en el que se establezca dicho hiperenlace no contendr\u00e1 ning\u00fan elemento, de este Sitio Web, protegido como propiedad intelectual por el ordenamiento jur\u00eddico espa\u00f1ol, salvo autorizaci\u00f3n expresa de Kent&#8217;s School.<\/p>\n<p>El establecimiento del hiperv\u00ednculo no implicar\u00e1 la existencia de relaciones entre Kent&#8217;s School y el titular del sitio web desde el cual se realice, ni el conocimiento y aceptaci\u00f3n de Hemisferio Derecho de los contenidos, servicios y\/o actividades ofrecidas en dicho sitio web, y viceversa.<\/p>\n<p><strong>Propiedad intelectural e industrial<\/strong><\/p>\n<p>Kent&#8217;s School por s\u00ed o como parte cesionaria, es titular de todas las derechos de propiedad intelectual e industrial del Sitio Web, as\u00ed como de los elementos contenidos en el mismo (a t\u00edtulo enunciativo y no exhaustivo, im\u00e1genes, sonido, audio, video, software o textos, marcas o logotipos, combinaciones de colores, estructura y dise\u00f1o, selecci\u00f3n de materiales usados, programas de ordenador, combinaciones de colores, estructura y dise\u00f1o, selecci\u00f3n de materiales usados, programas de ordenador necesarios para su funcionamiento, acceso y uso, etc.). Ser\u00e1n, por consiguiente, obras protegidas como propiedad intelectual por el ordenamiento jur\u00eddico espa\u00f1ol, si\u00e9ndoles aplicables tanto la normativa espa\u00f1ola y comunitaria en este campo, como los tratados internacionales relativos a la materia y suscritos por Espa\u00f1a.<\/p>\n<p>Todos los derechos reservados. En virtud de lo dispuesto en la Ley de Propiedad Intelectual, quedan expresamente prohibidas la reproducci\u00f3n, la distribuci\u00f3n y la comunicaci\u00f3n p\u00fablica, incluida su modalidad de puesta a disposici\u00f3n, de la totalidad o parte de los contenidos de esta p\u00e1gina web, con fines comerciales, en cualquier soporte y por cualquier medio t\u00e9cnico, sin la autorizaci\u00f3n de Kent&#8217;s School.<\/p>\n<p>En caso de que el Usuario o tercero considere que cualquiera de los Contenidos del Sitio Web suponga una violaci\u00f3n de los derechos de protecci\u00f3n de la propiedad intelectual, deber\u00e1 comunicarlo inmediatamente a Kent&#8217;s School a trav\u00e9s de los datos de contacto del apartado de INFORMACI\u00d3N GENERAL de este Aviso Legal y Condiciones Generales de Uso.<\/p>\n<p><strong>Acciones legales, legislaci\u00f3n aplicable y jurisdicci\u00f3n<\/strong><\/p>\n<p>Kent&#8217;s School se reserva la facultad de presentar las acciones civiles o penales que considere necesarias por la utilizaci\u00f3n indebida del Sitio Web y Contenidos, o por el incumplimiento de las presentes Condiciones.<\/p>\n<p>La relaci\u00f3n entre el Usuario y Kent&#8217;s School se regir\u00e1 por la normativa vigente y de aplicaci\u00f3n en el territorio espa\u00f1ol. De surgir cualquier controversia en relaci\u00f3n con la interpretaci\u00f3n y\/o a la aplicaci\u00f3n de estas Condiciones las partes someter\u00e1n sus conflictos a la jurisdicci\u00f3n ordinaria.<\/p>\n<p>Todos los derechos reservados. En virtud de lo dispuesto en la Ley de Propiedad Intelectual, quedan expresamente prohibidas la reproducci\u00f3n, la distribuci\u00f3n y la comunicaci\u00f3n p\u00fablica, incluida su modalidad de puesta a disposici\u00f3n, de la totalidad o parte de los contenidos de esta p\u00e1gina web, con fines comerciales, en cualquier soporte y por cualquier medio t\u00e9cnico, sin la autorizaci\u00f3n de Kent&#8217;s School.<\/p>\n<p class=\"wp-block-heading\">En caso de que el Usuario o tercero considere que cualquiera de los Contenidos del Sitio Web suponga una violaci\u00f3n de los derechos de protecci\u00f3n de la propiedad intelectual, deber\u00e1 comunicarlo inmediatamente a Kent&#8217;s School a trav\u00e9s de los datos de contacto del apartado de INFORMACI\u00d3N GENERAL de este Aviso Legal y Condiciones Generales de Uso.<\/p>\t\t\t\t\t\t\t\t<\/div>\n\t\t\t\t<\/div>\n\t\t\t\t\t<\/div>\n\t\t<\/div>\n\t\t\t\t\t<\/div>\n\t\t<\/section>\n\t\t\t\t<\/div>\n\t\t","protected":false},"excerpt":{"rendered":"<p>Pol\u00edtica de Cookies Home Pol\u00edtica de Cookies Kent&#039;s School Of English Pol\u00edtica de Cookies El acceso a este Sitio Web puede implicar la utilizaci\u00f3n de cookies. las cookies son peque\u00f1as cantidades de informaci\u00f3n, que se almacenan en el navegador utilizado por cada Usuario -en los distintos dispositivos que pueda utilizar para navegar- para que el [&hellip;]<\/p>\n","protected":false},"author":1,"featured_media":0,"parent":0,"menu_order":0,"comment_status":"closed","ping_status":"closed","template":"elementor_header_footer","meta":{"footnotes":""},"class_list":["post-250","page","type-page","status-publish","hentry"],"_links":{"self":[{"href":"https:\/\/acadeing.kitdigitalhub.es\/index.php\/wp-json\/wp\/v2\/pages\/250","targetHints":{"allow":["GET"]}}],"collection":[{"href":"https:\/\/acadeing.kitdigitalhub.es\/index.php\/wp-json\/wp\/v2\/pages"}],"about":[{"href":"https:\/\/acadeing.kitdigitalhub.es\/index.php\/wp-json\/wp\/v2\/types\/page"}],"author":[{"embeddable":true,"href":"https:\/\/acadeing.kitdigitalhub.es\/index.php\/wp-json\/wp\/v2\/users\/1"}],"replies":[{"embeddable":true,"href":"https:\/\/acadeing.kitdigitalhub.es\/index.php\/wp-json\/wp\/v2\/comments?post=250"}],"version-history":[{"count":7,"href":"https:\/\/acadeing.kitdigitalhub.es\/index.php\/wp-json\/wp\/v2\/pages\/250\/revisions"}],"predecessor-version":[{"id":259,"href":"https:\/\/acadeing.kitdigitalhub.es\/index.php\/wp-json\/wp\/v2\/pages\/250\/revisions\/259"}],"wp:attachment":[{"href":"https:\/\/acadeing.kitdigitalhub.es\/index.php\/wp-json\/wp\/v2\/media?parent=250"}],"curies":[{"name":"wp","href":"https:\/\/api.w.org\/{rel}","templated":true}]}}